{"id":2,"date":"2023-10-26T21:33:22","date_gmt":"2023-10-26T21:33:22","guid":{"rendered":"http:\/\/consultoriaestado.com.mx\/?page_id=2"},"modified":"2023-10-27T01:24:52","modified_gmt":"2023-10-27T01:24:52","slug":"pagina-ejemplo","status":"publish","type":"page","link":"https:\/\/consultoriaestado.com.mx\/","title":{"rendered":"Consultor\u00eda Estado"},"content":{"rendered":"\n<p class=\"has-text-align-center has-large-font-size\">Consultor\u00eda Estado<strong>&nbsp;<\/strong>se cre\u00f3 el 3 de abril de 1984 en la Ciudad de Le\u00f3n&nbsp;&nbsp;con el objeto de apoyar a los tres \u00e1mbitos de Gobierno en M\u00e9xico, teniendo en cuenta las necesidades financieras de los Organismos Gubernamentales, realizando estudios de tipo econ\u00f3mico, geogr\u00e1fico, tecnol\u00f3gico y estad\u00edstico; para que a su vez exista una mejor regulaci\u00f3n y aplicaci\u00f3n del presupuesto.<\/p>\n","protected":false},"excerpt":{"rendered":"<p>Consultor\u00eda Estado&nbsp;se cre\u00f3 el 3 de abril de 1984 en la Ciudad de Le\u00f3n&nbsp;&nbsp;con el objeto de apoyar a los tres \u00e1mbitos de Gobierno en M\u00e9xico, teniendo en cuenta las necesidades financieras de los Organismos Gubernamentales, realizando estudios de tipo econ\u00f3mico, geogr\u00e1fico, tecnol\u00f3gico y estad\u00edstico; para que a su vez [&hellip;]<\/p>\n","protected":false},"author":1,"featured_media":50,"parent":0,"menu_order":0,"comment_status":"closed","ping_status":"open","template":"","meta":{"om_disable_all_campaigns":false,"_monsterinsights_skip_tracking":false,"_monsterinsights_sitenote_active":false,"_monsterinsights_sitenote_note":"","_monsterinsights_sitenote_category":0,"footnotes":""},"aioseo_notices":[],"_links":{"self":[{"href":"https:\/\/consultoriaestado.com.mx\/index.php?rest_route=\/wp\/v2\/pages\/2"}],"collection":[{"href":"https:\/\/consultoriaestado.com.mx\/index.php?rest_route=\/wp\/v2\/pages"}],"about":[{"href":"https:\/\/consultoriaestado.com.mx\/index.php?rest_route=\/wp\/v2\/types\/page"}],"author":[{"embeddable":true,"href":"https:\/\/consultoriaestado.com.mx\/index.php?rest_route=\/wp\/v2\/users\/1"}],"replies":[{"embeddable":true,"href":"https:\/\/consultoriaestado.com.mx\/index.php?rest_route=%2Fwp%2Fv2%2Fcomments&post=2"}],"version-history":[{"count":5,"href":"https:\/\/consultoriaestado.com.mx\/index.php?rest_route=\/wp\/v2\/pages\/2\/revisions"}],"predecessor-version":[{"id":76,"href":"https:\/\/consultoriaestado.com.mx\/index.php?rest_route=\/wp\/v2\/pages\/2\/revisions\/76"}],"wp:featuredmedia":[{"embeddable":true,"href":"https:\/\/consultoriaestado.com.mx\/index.php?rest_route=\/wp\/v2\/media\/50"}],"wp:attachment":[{"href":"https:\/\/consultoriaestado.com.mx\/index.php?rest_route=%2Fwp%2Fv2%2Fmedia&parent=2"}],"curies":[{"name":"wp","href":"https:\/\/api.w.org\/{rel}","templated":true}]}}